{"id":1579,"date":"2023-10-27T19:43:24","date_gmt":"2023-10-27T17:43:24","guid":{"rendered":"https:\/\/maxsensation-dxb.com\/?page_id=1579"},"modified":"2023-10-27T19:49:41","modified_gmt":"2023-10-27T17:49:41","slug":"yamaha-700-cc-raptor","status":"publish","type":"page","link":"https:\/\/maxsensation-dxb.com\/en\/home\/our-quad-bike-and-buggy-fleet\/yamaha-700-cc-raptor\/","title":{"rendered":"Yamaha 700 CC RAPTOR"},"content":{"rendered":"\t\t<div data-elementor-type=\"wp-post\" data-elementor-id=\"1579\" class=\"elementor elementor-1579\" data-elementor-post-type=\"page\">\n\t\t\t\t<div class=\"elementor-element elementor-element-420a813 e-flex e-con-boxed e-con e-parent\" data-id=\"420a813\" data-element_type=\"container\" data-settings=\"{&quot;jet_parallax_layout_list&quot;:[]}\">\n\t\t\t\t\t<div class=\"e-con-inner\">\n\t\t\t\t<div class=\"elementor-element elementor-element-e8b941a elementor-widget elementor-widget-heading\" data-id=\"e8b941a\" data-element_type=\"widget\" data-widget_type=\"heading.default\">\n\t\t\t\t<div class=\"elementor-widget-container\">\n\t\t\t\t\t<h1 class=\"elementor-heading-title elementor-size-default\">Yamaha 700CC RAPTOR<\/h1>\t\t\t\t<\/div>\n\t\t\t\t<\/div>\n\t\t\t\t\t<\/div>\n\t\t\t\t<\/div>\n\t\t\t\t<section class=\"elementor-section elementor-top-section elementor-element elementor-element-a1d962d elementor-section-boxed elementor-section-height-default elementor-section-height-default\" data-id=\"a1d962d\" data-element_type=\"section\" data-settings=\"{&quot;jet_parallax_layout_list&quot;:[{&quot;jet_parallax_layout_image&quot;:{&quot;url&quot;:&quot;&quot;,&quot;id&quot;:&quot;&quot;,&quot;size&quot;:&quot;&quot;},&quot;_id&quot;:&quot;da9d9ce&quot;,&quot;jet_parallax_layout_image_tablet&quot;:{&quot;url&quot;:&quot;&quot;,&quot;id&quot;:&quot;&quot;,&quot;size&quot;:&quot;&quot;},&quot;jet_parallax_layout_image_mobile&quot;:{&quot;url&quot;:&quot;&quot;,&quot;id&quot;:&quot;&quot;,&quot;size&quot;:&quot;&quot;},&quot;jet_parallax_layout_speed&quot;:{&quot;unit&quot;:&quot;%&quot;,&quot;size&quot;:50,&quot;sizes&quot;:[]},&quot;jet_parallax_layout_type&quot;:&quot;scroll&quot;,&quot;jet_parallax_layout_direction&quot;:null,&quot;jet_parallax_layout_fx_direction&quot;:null,&quot;jet_parallax_layout_z_index&quot;:&quot;&quot;,&quot;jet_parallax_layout_bg_x&quot;:50,&quot;jet_parallax_layout_bg_x_tablet&quot;:&quot;&quot;,&quot;jet_parallax_layout_bg_x_mobile&quot;:&quot;&quot;,&quot;jet_parallax_layout_bg_y&quot;:50,&quot;jet_parallax_layout_bg_y_tablet&quot;:&quot;&quot;,&quot;jet_parallax_layout_bg_y_mobile&quot;:&quot;&quot;,&quot;jet_parallax_layout_bg_size&quot;:&quot;auto&quot;,&quot;jet_parallax_layout_bg_size_tablet&quot;:&quot;&quot;,&quot;jet_parallax_layout_bg_size_mobile&quot;:&quot;&quot;,&quot;jet_parallax_layout_animation_prop&quot;:&quot;transform&quot;,&quot;jet_parallax_layout_on&quot;:[&quot;desktop&quot;,&quot;tablet&quot;]}]}\">\n\t\t\t\t\t\t<div class=\"elementor-container elementor-column-gap-no\">\n\t\t\t\t\t<div class=\"elementor-column elementor-col-100 elementor-top-column elementor-element elementor-element-c03fad7\" data-id=\"c03fad7\" data-element_type=\"column\">\n\t\t\t<div class=\"elementor-widget-wrap elementor-element-populated\">\n\t\t\t\t\t\t<div class=\"elementor-element elementor-element-ad8c5b2 elementor-widget elementor-widget-jet-slider\" data-id=\"ad8c5b2\" data-element_type=\"widget\" data-settings=\"{&quot;slider_height_mobile&quot;:{&quot;unit&quot;:&quot;px&quot;,&quot;size&quot;:280,&quot;sizes&quot;:[]},&quot;slider_height&quot;:{&quot;unit&quot;:&quot;px&quot;,&quot;size&quot;:600,&quot;sizes&quot;:[]},&quot;slider_height_tablet&quot;:{&quot;unit&quot;:&quot;px&quot;,&quot;size&quot;:&quot;&quot;,&quot;sizes&quot;:[]}}\" data-widget_type=\"jet-slider.default\">\n\t\t\t\t<div class=\"elementor-widget-container\">\n\t\t\t\t\t<div class=\"elementor-jet-slider jet-elements\">\n<div class=\"jet-slider jet-slider__image-exact\" data-settings='{&quot;sliderWidth&quot;:{&quot;unit&quot;:&quot;%&quot;,&quot;size&quot;:100,&quot;sizes&quot;:[]},&quot;sliderHeight&quot;:{&quot;unit&quot;:&quot;px&quot;,&quot;size&quot;:600,&quot;sizes&quot;:[]},&quot;sliderNavigation&quot;:true,&quot;sliderNavigationIcon&quot;:&quot;jet-slider__arrow-icon-ad8c5b2&quot;,&quot;sliderNaviOnHover&quot;:false,&quot;sliderPagination&quot;:true,&quot;sliderAutoplay&quot;:true,&quot;sliderAutoplayDelay&quot;:5000,&quot;sliderAutoplayOnHover&quot;:&quot;pause&quot;,&quot;sliderFullScreen&quot;:true,&quot;sliderFullscreenIcon&quot;:&quot;jet-slider__fullscreen-icon-ad8c5b2&quot;,&quot;sliderShuffle&quot;:false,&quot;sliderLoop&quot;:true,&quot;sliderFadeMode&quot;:false,&quot;slideDistance&quot;:{&quot;unit&quot;:&quot;px&quot;,&quot;size&quot;:32,&quot;sizes&quot;:[]},&quot;slideDuration&quot;:500,&quot;imageScaleMode&quot;:&quot;exact&quot;,&quot;thumbnails&quot;:false,&quot;thumbnailWidth&quot;:172,&quot;thumbnailHeight&quot;:142,&quot;rightToLeft&quot;:false,&quot;touchswipe&quot;:true,&quot;fractionPag&quot;:false,&quot;autoSliderHeight&quot;:false}'>\n\t\n<div  class=\"slider-pro\"><div class=\"jet-slider__arrow-icon-ad8c5b2 hidden-html\"><i aria-hidden=\"true\" class=\"fas fa-angle-left\"><\/i><\/div><div class=\"jet-slider__fullscreen-icon-ad8c5b2 hidden-html\"><i aria-hidden=\"true\" class=\"nc-icon-outline arrows-1_fullscreen-76\"><\/i><\/div><div class=\"jet-slider__items sp-slides\">\n\n\n<div  class=\"jet-slider__item sp-slide elementor-repeater-item-434ac7c\"><img decoding=\"async\" class=\"sp-image\" src=\"https:\/\/maxsensation-dxb.com\/wp-content\/uploads\/2019\/05\/QUAD-3-allonge.jpg\" alt=\"Quad Yamaha 700 Jaune et noir sur le sable\" loading=\"lazy\"><div class=\"jet-slider__content sp-layer \" data-position=\"centerCenter\" data-width=\"100%\" data-height=\"100%\" data-horizontal=\"0%\" data-show-transition=\"up\" data-show-duration=\"400\" data-show-delay=\"400\" >\n\t\t<div class=\"jet-slider__content-item\">\n\t\t\t<div class=\"jet-slider__content-inner\">\n\t\t\t\t\t\t<div class=\"jet-slider__button-wrapper\">\t\t\t\t\t\t<\/div><\/div>\n\t\t<\/div>\n\t\t\t<\/div>\n<\/div>\n\n<div  class=\"jet-slider__item sp-slide elementor-repeater-item-6e926b2\"><img decoding=\"async\" class=\"sp-image\" src=\"https:\/\/maxsensation-dxb.com\/wp-content\/uploads\/2023\/10\/GUIDE-2.jpg\" alt=\"Votre guide sur un Quad Yamaha 700 Jaune et noir dans les dunes de duba\u00ef\" loading=\"lazy\"><div class=\"jet-slider__content sp-layer \" data-position=\"centerCenter\" data-width=\"100%\" data-height=\"100%\" data-horizontal=\"0%\" data-show-transition=\"up\" data-show-duration=\"400\" data-show-delay=\"400\" >\n\t\t<div class=\"jet-slider__content-item\">\n\t\t\t<div class=\"jet-slider__content-inner\">\n\t\t\t\t\t\t<div class=\"jet-slider__button-wrapper\">\t\t\t\t\t\t<\/div><\/div>\n\t\t<\/div>\n\t\t\t<\/div>\n<\/div>\n\n<\/div>\n<\/div>\n<\/div>\n<\/div>\t\t\t\t<\/div>\n\t\t\t\t<\/div>\n\t\t\t\t\t<\/div>\n\t\t<\/div>\n\t\t\t\t\t<\/div>\n\t\t<\/section>\n\t\t<div class=\"elementor-element elementor-element-49459d5 e-flex e-con-boxed e-con e-parent\" data-id=\"49459d5\" data-element_type=\"container\" data-settings=\"{&quot;jet_parallax_layout_list&quot;:[]}\">\n\t\t\t\t\t<div class=\"e-con-inner\">\n\t\t<div class=\"elementor-element elementor-element-382b215 e-con-full e-flex e-con e-child\" data-id=\"382b215\" data-element_type=\"container\" data-settings=\"{&quot;jet_parallax_layout_list&quot;:[]}\">\n\t\t\t\t<div class=\"elementor-element elementor-element-0cdd578 elementor-widget elementor-widget-text-editor\" data-id=\"0cdd578\" data-element_type=\"widget\" data-widget_type=\"text-editor.default\">\n\t\t\t\t<div class=\"elementor-widget-container\">\n\t\t\t\t\t\t\t\t\t<p class=\"typography__RegularTextLevel3-sc-17h5z1x-6 styled__RegularTextLevel3Styled-sc-2pzm2i-2 llHpNi kayiqw\">Le moteur quatre-temps de 686\u00a0cm\u00b3 est dot\u00e9 de technologies qui dopent sa puissance pour des acc\u00e9l\u00e9rations de folie. De plus, sa faible consommation en carburant vous permet de rouler plus longtemps avant de faire le plein.<\/p><p class=\"typography__RegularTextLevel3-sc-17h5z1x-6 llHpNi\">Con\u00e7u pour les amateurs de sensations fortes, l\u2019YFM700R SE affiche des caract\u00e9ristiques exclusives, notamment un profil de came sp\u00e9ciale ainsi qu\u2019une cartographie d\u2019injection de carburant optimis\u00e9e pour la comp\u00e9tition. En outre, avec ses amortisseurs \u00e0 bonbonne et ses pneus avant Maxxis de 22\u00a0pouces, l\u2019YFM700R\u00a0SE est taill\u00e9 pour la victoire.<\/p>\t\t\t\t\t\t\t\t<\/div>\n\t\t\t\t<\/div>\n\t\t\t\t<\/div>\n\t\t<div class=\"elementor-element elementor-element-255e58a e-con-full e-flex e-con e-child\" data-id=\"255e58a\" data-element_type=\"container\" data-settings=\"{&quot;jet_parallax_layout_list&quot;:[]}\">\n\t\t\t\t<div class=\"elementor-element elementor-element-431b6cb elementor-widget elementor-widget-accordion\" data-id=\"431b6cb\" data-element_type=\"widget\" data-widget_type=\"accordion.default\">\n\t\t\t\t<div class=\"elementor-widget-container\">\n\t\t\t\t\t\t\t<div class=\"elementor-accordion\">\n\t\t\t\t\t\t\t<div class=\"elementor-accordion-item\">\n\t\t\t\t\t<div id=\"elementor-tab-title-7031\" class=\"elementor-tab-title\" data-tab=\"1\" role=\"button\" aria-controls=\"elementor-tab-content-7031\" aria-expanded=\"false\">\n\t\t\t\t\t\t\t\t\t\t\t\t\t<span class=\"elementor-accordion-icon elementor-accordion-icon-left\" aria-hidden=\"true\">\n\t\t\t\t\t\t\t\t\t\t\t\t\t\t\t<span class=\"elementor-accordion-icon-closed\"><i class=\"fas fa-plus\"><\/i><\/span>\n\t\t\t\t\t\t\t\t<span class=\"elementor-accordion-icon-opened\"><i class=\"fas fa-minus\"><\/i><\/span>\n\t\t\t\t\t\t\t\t\t\t\t\t\t\t<\/span>\n\t\t\t\t\t\t\t\t\t\t\t\t<a class=\"elementor-accordion-title\" tabindex=\"0\">Prix<\/a>\n\t\t\t\t\t<\/div>\n\t\t\t\t\t<div id=\"elementor-tab-content-7031\" class=\"elementor-tab-content elementor-clearfix\" data-tab=\"1\" role=\"region\" aria-labelledby=\"elementor-tab-title-7031\"><p>500 AED \/ Heure<\/p><\/div>\n\t\t\t\t<\/div>\n\t\t\t\t\t\t\t<div class=\"elementor-accordion-item\">\n\t\t\t\t\t<div id=\"elementor-tab-title-7032\" class=\"elementor-tab-title\" data-tab=\"2\" role=\"button\" aria-controls=\"elementor-tab-content-7032\" aria-expanded=\"false\">\n\t\t\t\t\t\t\t\t\t\t\t\t\t<span class=\"elementor-accordion-icon elementor-accordion-icon-left\" aria-hidden=\"true\">\n\t\t\t\t\t\t\t\t\t\t\t\t\t\t\t<span class=\"elementor-accordion-icon-closed\"><i class=\"fas fa-plus\"><\/i><\/span>\n\t\t\t\t\t\t\t\t<span class=\"elementor-accordion-icon-opened\"><i class=\"fas fa-minus\"><\/i><\/span>\n\t\t\t\t\t\t\t\t\t\t\t\t\t\t<\/span>\n\t\t\t\t\t\t\t\t\t\t\t\t<a class=\"elementor-accordion-title\" tabindex=\"0\">Caract\u00e9ristiques<\/a>\n\t\t\t\t\t<\/div>\n\t\t\t\t\t<div id=\"elementor-tab-content-7032\" class=\"elementor-tab-content elementor-clearfix\" data-tab=\"2\" role=\"region\" aria-labelledby=\"elementor-tab-title-7032\"><ul class=\"list-group list-group-flush\"><li class=\"list-group-item\"><table class=\"styled__TableWrapperStyled-sc-1t4q4f8-0 inbZVp\" aria-label=\"table\" data-testid=\"BaseTable\"><tbody class=\"styled__TableBodyStyled-sc-1t4q4f8-5 blTJZn\"><tr class=\"styled__TableRowStyled-sc-1t4q4f8-4 khEXeL\"><td class=\"styled__TableCellStyled-sc-1t4q4f8-1 ejqvuP\"><p class=\"typography__RegularTextLevel3-sc-17h5z1x-6 styled__HeaderCellStyled-sc-1g8uqrl-3 llHpNi dPzeYo\">Type de moteur<\/p><\/td><td class=\"styled__TableCellStyled-sc-1t4q4f8-1 dtagBs\">Monocylindre, Refroidissement liquide, Quatre temps, Quatre soupapes<\/td><\/tr><tr class=\"styled__TableRowStyled-sc-1t4q4f8-4 khEXeL\"><td class=\"styled__TableCellStyled-sc-1t4q4f8-1 ejqvuP\"><p class=\"typography__RegularTextLevel3-sc-17h5z1x-6 styled__HeaderCellStyled-sc-1g8uqrl-3 llHpNi dPzeYo\">Cylindr\u00e9e<\/p><\/td><td class=\"styled__TableCellStyled-sc-1t4q4f8-1 dtagBs\">686 cm\u00b3<\/td><\/tr><tr class=\"styled__TableRowStyled-sc-1t4q4f8-4 khEXeL\"><td class=\"styled__TableCellStyled-sc-1t4q4f8-1 ejqvuP\"><p class=\"typography__RegularTextLevel3-sc-17h5z1x-6 styled__HeaderCellStyled-sc-1g8uqrl-3 llHpNi dPzeYo\">Al\u00e9sage x course<\/p><\/td><td class=\"styled__TableCellStyled-sc-1t4q4f8-1 dtagBs\">102.0 x 84.0 mm<\/td><\/tr><tr class=\"styled__TableRowStyled-sc-1t4q4f8-4 khEXeL\"><td class=\"styled__TableCellStyled-sc-1t4q4f8-1 ejqvuP\"><p class=\"typography__RegularTextLevel3-sc-17h5z1x-6 styled__HeaderCellStyled-sc-1g8uqrl-3 llHpNi dPzeYo\">Taux de compression<\/p><\/td><td class=\"styled__TableCellStyled-sc-1t4q4f8-1 dtagBs\">9.2 : 1<\/td><\/tr><tr class=\"styled__TableRowStyled-sc-1t4q4f8-4 khEXeL\"><td class=\"styled__TableCellStyled-sc-1t4q4f8-1 ejqvuP\"><p class=\"typography__RegularTextLevel3-sc-17h5z1x-6 styled__HeaderCellStyled-sc-1g8uqrl-3 llHpNi dPzeYo\">Lubrification<\/p><\/td><td class=\"styled__TableCellStyled-sc-1t4q4f8-1 dtagBs\">Carter sec<\/td><\/tr><tr class=\"styled__TableRowStyled-sc-1t4q4f8-4 khEXeL\"><td class=\"styled__TableCellStyled-sc-1t4q4f8-1 ejqvuP\"><p class=\"typography__RegularTextLevel3-sc-17h5z1x-6 styled__HeaderCellStyled-sc-1g8uqrl-3 llHpNi dPzeYo\">Alimentation<\/p><\/td><td class=\"styled__TableCellStyled-sc-1t4q4f8-1 dtagBs\">Injection \u00e9lectronique 44\u00a0mm<\/td><\/tr><tr class=\"styled__TableRowStyled-sc-1t4q4f8-4 khEXeL\"><td class=\"styled__TableCellStyled-sc-1t4q4f8-1 ejqvuP\"><p class=\"typography__RegularTextLevel3-sc-17h5z1x-6 styled__HeaderCellStyled-sc-1g8uqrl-3 llHpNi dPzeYo\">Allumage<\/p><\/td><td class=\"styled__TableCellStyled-sc-1t4q4f8-1 dtagBs\">Allumage \u00e9lectronique (TCI)<\/td><\/tr><tr class=\"styled__TableRowStyled-sc-1t4q4f8-4 khEXeL\"><td class=\"styled__TableCellStyled-sc-1t4q4f8-1 ejqvuP\"><p class=\"typography__RegularTextLevel3-sc-17h5z1x-6 styled__HeaderCellStyled-sc-1g8uqrl-3 llHpNi dPzeYo\">Mise en route<\/p><\/td><td class=\"styled__TableCellStyled-sc-1t4q4f8-1 dtagBs\">D\u00e9marreur \u00e9lectrique<\/td><\/tr><tr class=\"styled__TableRowStyled-sc-1t4q4f8-4 khEXeL\"><td class=\"styled__TableCellStyled-sc-1t4q4f8-1 ejqvuP\"><p class=\"typography__RegularTextLevel3-sc-17h5z1x-6 styled__HeaderCellStyled-sc-1g8uqrl-3 llHpNi dPzeYo\">Transmission<\/p><\/td><td class=\"styled__TableCellStyled-sc-1t4q4f8-1 dtagBs\">Cinq vitesses et marche arri\u00e8re, Embrayage multidisque<\/td><\/tr><tr class=\"styled__TableRowStyled-sc-1t4q4f8-4 khEXeL\"><td class=\"styled__TableCellStyled-sc-1t4q4f8-1 ejqvuP\"><p class=\"typography__RegularTextLevel3-sc-17h5z1x-6 styled__HeaderCellStyled-sc-1g8uqrl-3 llHpNi dPzeYo\">Syst\u00e8me d&#8217;entra\u00eenement<\/p><\/td><td class=\"styled__TableCellStyled-sc-1t4q4f8-1 dtagBs\">Deux roues motrices<\/td><\/tr><tr class=\"styled__TableRowStyled-sc-1t4q4f8-4 khEXeL\"><td class=\"styled__TableCellStyled-sc-1t4q4f8-1 ejqvuP\"><p class=\"typography__RegularTextLevel3-sc-17h5z1x-6 styled__HeaderCellStyled-sc-1g8uqrl-3 llHpNi dPzeYo\">Transmission finale<\/p><\/td><td class=\"styled__TableCellStyled-sc-1t4q4f8-1 dtagBs\">Cha\u00eene \u00e0 joints toriques, R\u00e9glage par excentrique<\/td><\/tr><\/tbody><\/table><\/li><\/ul><\/div>\n\t\t\t\t<\/div>\n\t\t\t\t\t\t\t\t<\/div>\n\t\t\t\t\t\t<\/div>\n\t\t\t\t<\/div>\n\t\t\t\t<\/div>\n\t\t\t\t\t<\/div>\n\t\t\t\t<\/div>\n\t\t\t\t<section class=\"elementor-section elementor-top-section elementor-element elementor-element-0b77f7a elementor-section-boxed elementor-section-height-default elementor-section-height-default\" data-id=\"0b77f7a\" data-element_type=\"section\" data-settings=\"{&quot;jet_parallax_layout_list&quot;:[{&quot;jet_parallax_layout_image&quot;:{&quot;url&quot;:&quot;&quot;,&quot;id&quot;:&quot;&quot;,&quot;size&quot;:&quot;&quot;},&quot;_id&quot;:&quot;8d0b1ca&quot;,&quot;jet_parallax_layout_image_tablet&quot;:{&quot;url&quot;:&quot;&quot;,&quot;id&quot;:&quot;&quot;,&quot;size&quot;:&quot;&quot;},&quot;jet_parallax_layout_image_mobile&quot;:{&quot;url&quot;:&quot;&quot;,&quot;id&quot;:&quot;&quot;,&quot;size&quot;:&quot;&quot;},&quot;jet_parallax_layout_speed&quot;:{&quot;unit&quot;:&quot;%&quot;,&quot;size&quot;:50,&quot;sizes&quot;:[]},&quot;jet_parallax_layout_type&quot;:&quot;scroll&quot;,&quot;jet_parallax_layout_direction&quot;:null,&quot;jet_parallax_layout_fx_direction&quot;:null,&quot;jet_parallax_layout_z_index&quot;:&quot;&quot;,&quot;jet_parallax_layout_bg_x&quot;:50,&quot;jet_parallax_layout_bg_x_tablet&quot;:&quot;&quot;,&quot;jet_parallax_layout_bg_x_mobile&quot;:&quot;&quot;,&quot;jet_parallax_layout_bg_y&quot;:50,&quot;jet_parallax_layout_bg_y_tablet&quot;:&quot;&quot;,&quot;jet_parallax_layout_bg_y_mobile&quot;:&quot;&quot;,&quot;jet_parallax_layout_bg_size&quot;:&quot;auto&quot;,&quot;jet_parallax_layout_bg_size_tablet&quot;:&quot;&quot;,&quot;jet_parallax_layout_bg_size_mobile&quot;:&quot;&quot;,&quot;jet_parallax_layout_animation_prop&quot;:&quot;transform&quot;,&quot;jet_parallax_layout_on&quot;:[&quot;desktop&quot;,&quot;tablet&quot;]}],&quot;background_background&quot;:&quot;classic&quot;}\">\n\t\t\t\t\t\t\t<div class=\"elementor-background-overlay\"><\/div>\n\t\t\t\t\t\t\t<div class=\"elementor-container elementor-column-gap-no\">\n\t\t\t\t\t<div class=\"elementor-column elementor-col-100 elementor-top-column elementor-element elementor-element-ad07385\" data-id=\"ad07385\" data-element_type=\"column\">\n\t\t\t<div class=\"elementor-widget-wrap elementor-element-populated\">\n\t\t\t\t\t\t<div class=\"elementor-element elementor-element-01211d4 elementor-widget elementor-widget-google_maps\" data-id=\"01211d4\" data-element_type=\"widget\" data-widget_type=\"google_maps.default\">\n\t\t\t\t<div class=\"elementor-widget-container\">\n\t\t\t\t\t\t\t<div class=\"elementor-custom-embed\">\n\t\t\t<iframe loading=\"lazy\"\n\t\t\t\t\tsrc=\"https:\/\/www.google.com\/maps\/embed\/v1\/place?key=AIzaSyBCf62m4HucL87UWn0jB9P-67RP8yPdyzM&#038;q=DESERTSQUADDXB%20Al%20Badayer%20-%20Sharjah%20-%20Road%20E44%20Al&#038;zoom=15\"\n\t\t\t\t\ttitle=\"DESERTSQUADDXB Al Badayer - Sharjah - Road E44 Al\"\n\t\t\t\t\taria-label=\"DESERTSQUADDXB Al Badayer - Sharjah - Road E44 Al\"\n\t\t\t><\/iframe>\n\t\t<\/div>\n\t\t\t\t\t\t<\/div>\n\t\t\t\t<\/div>\n\t\t\t\t\t<\/div>\n\t\t<\/div>\n\t\t\t\t\t<\/div>\n\t\t<\/section>\n\t\t<div class=\"elementor-element elementor-element-4751a8b e-flex e-con-boxed e-con e-parent\" data-id=\"4751a8b\" data-element_type=\"container\" data-settings=\"{&quot;jet_parallax_layout_list&quot;:[]}\">\n\t\t\t\t\t<div class=\"e-con-inner\">\n\t\t<div class=\"elementor-element elementor-element-8ac0f81 e-flex e-con-boxed e-con e-child\" data-id=\"8ac0f81\" data-element_type=\"container\" data-settings=\"{&quot;jet_parallax_layout_list&quot;:[]}\">\n\t\t\t\t\t<div class=\"e-con-inner\">\n\t\t<div class=\"elementor-element elementor-element-b478ce3 e-con-full e-flex e-con e-child\" data-id=\"b478ce3\" data-element_type=\"container\" data-settings=\"{&quot;jet_parallax_layout_list&quot;:[]}\">\n\t\t\t\t<div class=\"elementor-element elementor-element-857eaf7 elementor-widget elementor-widget-text-editor\" data-id=\"857eaf7\" data-element_type=\"widget\" data-widget_type=\"text-editor.default\">\n\t\t\t\t<div class=\"elementor-widget-container\">\n\t\t\t\t\t\t\t\t\t<p>Vos informations ne sont pas enregistr\u00e9es sur le site, elle ne nous servent qu&#8217;\u00e0 vous recontacter au plus vite afin de pr\u00e9parer au mieux votre arriv\u00e9e.<\/p><p>\u00a0<\/p>\t\t\t\t\t\t\t\t<\/div>\n\t\t\t\t<\/div>\n\t\t\t\t<\/div>\n\t\t<div class=\"elementor-element elementor-element-68a56cb e-con-full e-flex e-con e-child\" data-id=\"68a56cb\" data-element_type=\"container\" data-settings=\"{&quot;jet_parallax_layout_list&quot;:[]}\">\n\t\t\t\t<div class=\"elementor-element elementor-element-3270936 elementor-widget elementor-widget-wpforms\" data-id=\"3270936\" data-element_type=\"widget\" data-widget_type=\"wpforms.default\">\n\t\t\t\t<div class=\"elementor-widget-container\">\n\t\t\t\t\t<style id=\"wpforms-css-vars-elementor-widget-3270936\">\n\t\t\t\t.elementor-widget-wpforms.elementor-element-3270936 {\n\t\t\t\t--wpforms-field-size-input-height: 43px;\n--wpforms-field-size-input-spacing: 15px;\n--wpforms-field-size-font-size: 16px;\n--wpforms-field-size-line-height: 19px;\n--wpforms-field-size-padding-h: 14px;\n--wpforms-field-size-checkbox-size: 16px;\n--wpforms-field-size-sublabel-spacing: 5px;\n--wpforms-field-size-icon-size: 1;\n--wpforms-label-size-font-size: 16px;\n--wpforms-label-size-line-height: 19px;\n--wpforms-label-size-sublabel-font-size: 14px;\n--wpforms-label-size-sublabel-line-height: 17px;\n--wpforms-button-size-font-size: 17px;\n--wpforms-button-size-height: 41px;\n--wpforms-button-size-padding-h: 15px;\n--wpforms-button-size-margin-top: 10px;\n\n\t\t\t}\n\t\t\t<\/style><div class=\"wpforms-container wpforms-container-full wpforms-render-modern\" id=\"wpforms-1517\"><form id=\"wpforms-form-1517\" class=\"wpforms-validate wpforms-form wpforms-ajax-form\" data-formid=\"1517\" method=\"post\" enctype=\"multipart\/form-data\" action=\"\/en\/wp-json\/wp\/v2\/pages\/1579\" data-token=\"da0475e0d9a29d8e7f04f8943d2c0878\" data-token-time=\"1775343299\"><noscript class=\"wpforms-error-noscript\">Please enable JavaScript in your browser to complete this form.<\/noscript><div class=\"wpforms-hidden\" id=\"wpforms-error-noscript\">Please enable JavaScript in your browser to complete this form.<\/div><div class=\"wpforms-field-container\"><div id=\"wpforms-1517-field_0-container\" class=\"wpforms-field wpforms-field-name\" data-field-id=\"0\"><fieldset><legend class=\"wpforms-field-label\">Name <span class=\"wpforms-required-label\" aria-hidden=\"true\">*<\/span><\/legend><div class=\"wpforms-field-row wpforms-field-medium\"><div class=\"wpforms-field-row-block wpforms-first wpforms-one-half\"><input type=\"text\" id=\"wpforms-1517-field_0\" class=\"wpforms-field-name-first wpforms-field-required\" name=\"wpforms[fields][0][first]\" aria-errormessage=\"wpforms-1517-field_0-error\" required><label for=\"wpforms-1517-field_0\" class=\"wpforms-field-sublabel after\">First<\/label><\/div><div class=\"wpforms-field-row-block wpforms-one-half\"><input type=\"text\" id=\"wpforms-1517-field_0-last\" class=\"wpforms-field-name-last wpforms-field-required\" name=\"wpforms[fields][0][last]\" aria-errormessage=\"wpforms-1517-field_0-last-error\" required><label for=\"wpforms-1517-field_0-last\" class=\"wpforms-field-sublabel after\">Last<\/label><\/div><\/div><\/fieldset><\/div><div id=\"wpforms-1517-field_1-container\" class=\"wpforms-field wpforms-field-email\" data-field-id=\"1\"><label class=\"wpforms-field-label\" for=\"wpforms-1517-field_1\">Email<\/label><input type=\"email\" id=\"wpforms-1517-field_1\" class=\"wpforms-field-medium\" name=\"wpforms[fields][1]\" spellcheck=\"false\" aria-errormessage=\"wpforms-1517-field_1-error\" ><\/div><div id=\"wpforms-1517-field_3-container\" class=\"wpforms-field wpforms-field-number\" data-field-id=\"3\"><label class=\"wpforms-field-label\" for=\"wpforms-1517-field_3\">T\u00e9l\u00e9phone<\/label><input type=\"number\" id=\"wpforms-1517-field_3\" class=\"wpforms-field-medium\" name=\"wpforms[fields][3]\" step=\"any\" aria-errormessage=\"wpforms-1517-field_3-error\" ><\/div><div id=\"wpforms-1517-field_2-container\" class=\"wpforms-field wpforms-field-textarea\" data-field-id=\"2\"><label class=\"wpforms-field-label\" for=\"wpforms-1517-field_2\">Comment or Message<\/label><textarea id=\"wpforms-1517-field_2\" class=\"wpforms-field-medium\" name=\"wpforms[fields][2]\" aria-errormessage=\"wpforms-1517-field_2-error\" ><\/textarea><\/div><\/div><!-- .wpforms-field-container --><div class=\"wpforms-recaptcha-container wpforms-is-recaptcha wpforms-is-recaptcha-type-v2\" ><div class=\"g-recaptcha\" data-sitekey=\"6LfqolgqAAAAABR76UurMiLKQw4XDMNq6sK1dJQj\"><\/div><input type=\"text\" name=\"g-recaptcha-hidden\" class=\"wpforms-recaptcha-hidden\" style=\"position:absolute!important;clip:rect(0,0,0,0)!important;height:1px!important;width:1px!important;border:0!important;overflow:hidden!important;padding:0!important;margin:0!important;\" data-rule-recaptcha=\"1\"><\/div><div class=\"wpforms-submit-container\" ><input type=\"hidden\" name=\"wpforms[id]\" value=\"1517\"><input type=\"hidden\" name=\"page_title\" value=\"\"><input type=\"hidden\" name=\"page_url\" value=\"https:\/\/maxsensation-dxb.com\/en\/wp-json\/wp\/v2\/pages\/1579\"><input type=\"hidden\" name=\"url_referer\" value=\"\"><button type=\"submit\" name=\"wpforms[submit]\" id=\"wpforms-submit-1517\" class=\"wpforms-submit\" data-alt-text=\"Sending...\" data-submit-text=\"Submit\" aria-live=\"assertive\" value=\"wpforms-submit\">Submit<\/button><img decoding=\"async\" src=\"https:\/\/maxsensation-dxb.com\/wp-content\/plugins\/wpforms-lite\/assets\/images\/submit-spin.svg\" class=\"wpforms-submit-spinner\" style=\"display: none;\" width=\"26\" height=\"26\" alt=\"Loading\"><\/div><\/form><\/div>  <!-- .wpforms-container -->\t\t\t\t<\/div>\n\t\t\t\t<\/div>\n\t\t\t\t<\/div>\n\t\t\t\t\t<\/div>\n\t\t\t\t<\/div>\n\t\t\t\t\t<\/div>\n\t\t\t\t<\/div>\n\t\t\t\t<\/div>\n\t\t","protected":false},"excerpt":{"rendered":"<p>Yamaha 700CC RAPTOR Le moteur quatre-temps de 686\u00a0cm\u00b3 est dot\u00e9 de technologies qui dopent sa puissance pour des acc\u00e9l\u00e9rations de folie. De plus, sa faible consommation en carburant vous permet de rouler plus longtemps avant de faire le plein. Con\u00e7u pour les amateurs de sensations fortes, l\u2019YFM700R SE affiche des caract\u00e9ristiques exclusives, notamment un profil [&hellip;]<\/p>\n","protected":false},"author":1,"featured_media":0,"parent":708,"menu_order":0,"comment_status":"closed","ping_status":"closed","template":"page-templates\/fullwidth-content.php","meta":{"om_disable_all_campaigns":false,"_monsterinsights_skip_tracking":false,"_monsterinsights_sitenote_active":false,"_monsterinsights_sitenote_note":"","_monsterinsights_sitenote_category":0,"_uf_show_specific_survey":0,"_uf_disable_surveys":false,"footnotes":""},"class_list":["post-1579","page","type-page","status-publish","hentry"],"aioseo_notices":[],"_links":{"self":[{"href":"https:\/\/maxsensation-dxb.com\/en\/wp-json\/wp\/v2\/pages\/1579","targetHints":{"allow":["GET"]}}],"collection":[{"href":"https:\/\/maxsensation-dxb.com\/en\/wp-json\/wp\/v2\/pages"}],"about":[{"href":"https:\/\/maxsensation-dxb.com\/en\/wp-json\/wp\/v2\/types\/page"}],"author":[{"embeddable":true,"href":"https:\/\/maxsensation-dxb.com\/en\/wp-json\/wp\/v2\/users\/1"}],"replies":[{"embeddable":true,"href":"https:\/\/maxsensation-dxb.com\/en\/wp-json\/wp\/v2\/comments?post=1579"}],"version-history":[{"count":4,"href":"https:\/\/maxsensation-dxb.com\/en\/wp-json\/wp\/v2\/pages\/1579\/revisions"}],"predecessor-version":[{"id":1585,"href":"https:\/\/maxsensation-dxb.com\/en\/wp-json\/wp\/v2\/pages\/1579\/revisions\/1585"}],"up":[{"embeddable":true,"href":"https:\/\/maxsensation-dxb.com\/en\/wp-json\/wp\/v2\/pages\/708"}],"wp:attachment":[{"href":"https:\/\/maxsensation-dxb.com\/en\/wp-json\/wp\/v2\/media?parent=1579"}],"curies":[{"name":"wp","href":"https:\/\/api.w.org\/{rel}","templated":true}]}}